{"id":25126,"date":"2026-04-20T11:01:00","date_gmt":"2026-04-20T11:01:00","guid":{"rendered":"https:\/\/toy-dem.ro\/?post_type=product&#038;p=25126"},"modified":"2026-04-20T11:01:00","modified_gmt":"2026-04-20T11:01:00","slug":"sistem-portabil-3cai-20w-rms-cu-bt-usb-sd-fm","status":"publish","type":"product","link":"https:\/\/toy-dem.ro\/index.php\/produs\/sistem-portabil-3cai-20w-rms-cu-bt-usb-sd-fm\/","title":{"rendered":"SISTEM PORTABIL 3CAI 20W RMS CU BT\/USB\/SD\/FM"},"content":{"rendered":"<p><strong>Descriere:<\/strong><br \/>\nSistem de sunet compact care ofer\u00e3 un sunet curat \u0219i bogat. Efectele de lumini LED de pe difuzoare sunt ideale pentru petreceri cu prietenii. Toate butoanele sunt amplasate deasupra pentru o utilizare mai u\u0219oar\u00e3.<br \/>\n&#8211; 3 c\u00e3i<br \/>\n&#8211; Bluetooth<br \/>\n&#8211; Intr\u00e3ri USB &amp; SD<br \/>\n&#8211; Tuner FM<br \/>\n&#8211; 2 intr\u00e3ri de microfon cu control ecou<br \/>\n&#8211; Control frecvente joase si inalte<\/p>\n<p>Specificatii tehnice<br \/>\nWoofer: 6,5&#8243;\/16cm<br \/>\nDifuzor medii: 4&#8243;\/10cm<br \/>\nTweeter: 3&#8243;\/7,5cm<br \/>\nTensiune alimentare: 12Vdc 1,5A cu adaptorul de alimentare furnizat<br \/>\nPutere: 20W<br \/>\nDimensiuni: 515 x 295 x 215mm<br \/>\nGreutate: 4,55kg<\/p>\n","protected":false},"excerpt":{"rendered":"<p>Descriere: Sistem de sunet compact care ofer\u00e3 un sunet curat \u0219i bogat. Efectele de lumini LED de pe difuzoare sunt ideale pentru petreceri cu prietenii. Toate butoanele sunt amplasate deasupra pentru o utilizare mai u\u0219oar\u00e3. &#8211; 3 c\u00e3i &#8211; Bluetooth &#8211; Intr\u00e3ri USB &amp; SD &#8211; Tuner FM &#8211; 2 intr\u00e3ri de microfon cu control [&hellip;]<\/p>\n","protected":false},"featured_media":25133,"comment_status":"open","ping_status":"closed","template":"","meta":[],"product_brand":[],"product_cat":[176],"product_tag":[],"class_list":{"0":"post-25126","1":"product","2":"type-product","3":"status-publish","4":"has-post-thumbnail","6":"product_cat-audio","8":"first","9":"instock","10":"sale","11":"shipping-taxable","12":"purchasable","13":"product-type-simple"},"exclude_global_add_ons":[],"addons":[],"_links":{"self":[{"href":"https:\/\/toy-dem.ro\/index.php\/wp-json\/wp\/v2\/product\/25126","targetHints":{"allow":["GET"]}}],"collection":[{"href":"https:\/\/toy-dem.ro\/index.php\/wp-json\/wp\/v2\/product"}],"about":[{"href":"https:\/\/toy-dem.ro\/index.php\/wp-json\/wp\/v2\/types\/product"}],"replies":[{"embeddable":true,"href":"https:\/\/toy-dem.ro\/index.php\/wp-json\/wp\/v2\/comments?post=25126"}],"wp:featuredmedia":[{"embeddable":true,"href":"https:\/\/toy-dem.ro\/index.php\/wp-json\/wp\/v2\/media\/25133"}],"wp:attachment":[{"href":"https:\/\/toy-dem.ro\/index.php\/wp-json\/wp\/v2\/media?parent=25126"}],"wp:term":[{"taxonomy":"product_brand","embeddable":true,"href":"https:\/\/toy-dem.ro\/index.php\/wp-json\/wp\/v2\/product_brand?post=25126"},{"taxonomy":"product_cat","embeddable":true,"href":"https:\/\/toy-dem.ro\/index.php\/wp-json\/wp\/v2\/product_cat?post=25126"},{"taxonomy":"product_tag","embeddable":true,"href":"https:\/\/toy-dem.ro\/index.php\/wp-json\/wp\/v2\/product_tag?post=25126"}],"curies":[{"name":"wp","href":"https:\/\/api.w.org\/{rel}","templated":true}]}}