{"id":25081,"date":"2026-04-20T09:33:52","date_gmt":"2026-04-20T09:33:52","guid":{"rendered":"https:\/\/toy-dem.ro\/?post_type=product&#038;p=25081"},"modified":"2026-04-20T09:34:04","modified_gmt":"2026-04-20T09:34:04","slug":"lampa-led-gradina-cu-incarcare-solara-3000k","status":"publish","type":"product","link":"https:\/\/toy-dem.ro\/index.php\/produs\/lampa-led-gradina-cu-incarcare-solara-3000k\/","title":{"rendered":"LAMPA LED GRADINA CU INCARCARE SOLARA 3000K"},"content":{"rendered":"<p>Lampa care imit\u0103 o floare de lotus. Datorit\u0103 tehnologiei aplicate, acest decor este echipat cu o diod\u0103 LED \u00eencorporat\u0103, care, \u00een combina\u021bie cu energia solar\u0103, lumineaz\u0103 automat cu lumin\u0103 cald\u0103 pl\u0103cut\u0103 dup\u0103 amurg. Acest efect fermec\u0103tor de flori iluminate creeaz\u0103 o atmosfer\u0103 unic\u0103, perfect\u0103 pentru relaxare sau petrecerea serilor \u00een aer liber.<br \/>\nRealizat\u0103 din materiale de \u00eenalt\u0103 calitate, lampa este durabil\u0103 \u0219i rezistent\u0103 la intemperii. Aceast\u0103 lamp\u0103 eficient\u0103 din punct de vedere energetic folose\u0219te energia solar\u0103 gratuit\u0103, permi\u021b\u00e2ndu-v\u0103 s\u0103 economisi\u021bi la facturile de electricitate \u0219i s\u0103 ave\u021bi grij\u0103 de mediu. Un avantaj suplimentar este consumul redus de energie \u0219i bateria \u00eencorporat\u0103 cu o capacitate de 600 mAh. Acest lucru asigur\u0103 c\u0103, \u00een condi\u021bii optime, lampa va str\u0103luci p\u00e2n\u0103 diminea\u021ba.<br \/>\nMarca: Forever Light<br \/>\nProduc\u0103tor: TelForceOne<br \/>\nTip ambalaj: cutie<br \/>\nCapacitatea acumulatorului: 600 mAh<br \/>\nTip panou solar: policristalin<br \/>\nTip baterie: NiMH (\u00een set)<br \/>\nDimensiuni (mm): 280x280x120<br \/>\nNuan\u021b\u0103 culoare: alb\u0103 cald\u0103<br \/>\nTemperatura culorii: 3 000 K<br \/>\nTemperatura de lucru: -15\u00b0C &#8230; 42 \u00b0C<br \/>\nNum\u0103r de diode: 1 buc.<br \/>\nGreutate net\u0103: 650 g<br \/>\nLungime: 34 cm<br \/>\nAlimentare: panou solar<br \/>\nMaterial: acril, o\u021bel inoxidabil, ABS<br \/>\nTimp de \u00eenc\u0103rcare solar\u0103 (\u00een plin soare): 8 ore<\/p>\n","protected":false},"excerpt":{"rendered":"<p>Lampa care imit\u0103 o floare de lotus. Datorit\u0103 tehnologiei aplicate, acest decor este echipat cu o diod\u0103 LED \u00eencorporat\u0103, care, \u00een combina\u021bie cu energia solar\u0103, lumineaz\u0103 automat cu lumin\u0103 cald\u0103 pl\u0103cut\u0103 dup\u0103 amurg. Acest efect fermec\u0103tor de flori iluminate creeaz\u0103 o atmosfer\u0103 unic\u0103, perfect\u0103 pentru relaxare sau petrecerea serilor \u00een aer liber. Realizat\u0103 din materiale [&hellip;]<\/p>\n","protected":false},"featured_media":25085,"comment_status":"open","ping_status":"closed","template":"","meta":[],"product_brand":[187,196],"product_cat":[167],"product_tag":[],"class_list":{"0":"post-25081","1":"product","2":"type-product","3":"status-publish","4":"has-post-thumbnail","6":"product_brand-forever-light","7":"product_brand-sunari","8":"product_cat-corpuri-iluminat-led","10":"first","11":"instock","12":"sale","13":"shipping-taxable","14":"purchasable","15":"product-type-simple"},"exclude_global_add_ons":[],"addons":[],"_links":{"self":[{"href":"https:\/\/toy-dem.ro\/index.php\/wp-json\/wp\/v2\/product\/25081","targetHints":{"allow":["GET"]}}],"collection":[{"href":"https:\/\/toy-dem.ro\/index.php\/wp-json\/wp\/v2\/product"}],"about":[{"href":"https:\/\/toy-dem.ro\/index.php\/wp-json\/wp\/v2\/types\/product"}],"replies":[{"embeddable":true,"href":"https:\/\/toy-dem.ro\/index.php\/wp-json\/wp\/v2\/comments?post=25081"}],"wp:featuredmedia":[{"embeddable":true,"href":"https:\/\/toy-dem.ro\/index.php\/wp-json\/wp\/v2\/media\/25085"}],"wp:attachment":[{"href":"https:\/\/toy-dem.ro\/index.php\/wp-json\/wp\/v2\/media?parent=25081"}],"wp:term":[{"taxonomy":"product_brand","embeddable":true,"href":"https:\/\/toy-dem.ro\/index.php\/wp-json\/wp\/v2\/product_brand?post=25081"},{"taxonomy":"product_cat","embeddable":true,"href":"https:\/\/toy-dem.ro\/index.php\/wp-json\/wp\/v2\/product_cat?post=25081"},{"taxonomy":"product_tag","embeddable":true,"href":"https:\/\/toy-dem.ro\/index.php\/wp-json\/wp\/v2\/product_tag?post=25081"}],"curies":[{"name":"wp","href":"https:\/\/api.w.org\/{rel}","templated":true}]}}