{"id":25041,"date":"2026-04-20T08:01:09","date_gmt":"2026-04-20T08:01:09","guid":{"rendered":"https:\/\/toy-dem.ro\/?post_type=product&#038;p=25041"},"modified":"2026-04-20T08:01:09","modified_gmt":"2026-04-20T08:01:09","slug":"cantar-persoane-max-180kg-platinet","status":"publish","type":"product","link":"https:\/\/toy-dem.ro\/index.php\/produs\/cantar-persoane-max-180kg-platinet\/","title":{"rendered":"CANTAR PERSOANE MAX 180KG PLATINET"},"content":{"rendered":"<p>C\u00e2ntarul de baie Platinet este un dispozitiv modern cu un design elegant, care se va integra perfect \u00een orice interior. Echipat cu senzori preci\u0219i pentru tensometre, ofer\u0103 m\u0103sur\u0103tori precise p\u00e2n\u0103 la o sarcin\u0103 maxim\u0103 de 180 kg. Afi\u0219ajul LED de 60&#215;26 mm cu iluminare din spate albastr\u0103 faciliteaz\u0103 citirile. Termometrul \u00eencorporat m\u0103soar\u0103 temperatura ambiant\u0103.<\/p>\n<p>Specifica\u021bii tehnice:<\/p>\n<p>Dimensiuni: 260x260x23 mm<br \/>\nCapacitate maxim\u0103 de \u00eenc\u0103rcare: 180 kg<br \/>\nAfi\u0219aj: LED de 60&#215;26 mm<br \/>\nIluminare din spate albastr\u0103<br \/>\nPornire\/oprire automat\u0103<br \/>\nAlarm\u0103 de suprasarcin\u0103<br \/>\nAlimentare: 2 baterii AAA (nu sunt incluse)<br \/>\nIndicator nivel baterie<br \/>\nCuloare: Negru<br \/>\nMaterial blat: Sticl\u0103<br \/>\nMaterial carcas\u0103: Plastic<br \/>\nIndicator temperatur\u0103 ambiant\u0103<br \/>\nUnit\u0103\u021bi de c\u00e2nt\u0103rire: Kg, Lb, St:Lb<\/p>\n","protected":false},"excerpt":{"rendered":"<p>C\u00e2ntarul de baie Platinet este un dispozitiv modern cu un design elegant, care se va integra perfect \u00een orice interior. Echipat cu senzori preci\u0219i pentru tensometre, ofer\u0103 m\u0103sur\u0103tori precise p\u00e2n\u0103 la o sarcin\u0103 maxim\u0103 de 180 kg. Afi\u0219ajul LED de 60&#215;26 mm cu iluminare din spate albastr\u0103 faciliteaz\u0103 citirile. Termometrul \u00eencorporat m\u0103soar\u0103 temperatura ambiant\u0103. Specifica\u021bii [&hellip;]<\/p>\n","protected":false},"featured_media":25043,"comment_status":"open","ping_status":"closed","template":"","meta":[],"product_brand":[155],"product_cat":[200],"product_tag":[],"class_list":{"0":"post-25041","1":"product","2":"type-product","3":"status-publish","4":"has-post-thumbnail","6":"product_brand-platinet","7":"product_cat-ingrijire-personala","9":"first","10":"instock","11":"sale","12":"shipping-taxable","13":"purchasable","14":"product-type-simple"},"exclude_global_add_ons":[],"addons":[],"_links":{"self":[{"href":"https:\/\/toy-dem.ro\/index.php\/wp-json\/wp\/v2\/product\/25041","targetHints":{"allow":["GET"]}}],"collection":[{"href":"https:\/\/toy-dem.ro\/index.php\/wp-json\/wp\/v2\/product"}],"about":[{"href":"https:\/\/toy-dem.ro\/index.php\/wp-json\/wp\/v2\/types\/product"}],"replies":[{"embeddable":true,"href":"https:\/\/toy-dem.ro\/index.php\/wp-json\/wp\/v2\/comments?post=25041"}],"wp:featuredmedia":[{"embeddable":true,"href":"https:\/\/toy-dem.ro\/index.php\/wp-json\/wp\/v2\/media\/25043"}],"wp:attachment":[{"href":"https:\/\/toy-dem.ro\/index.php\/wp-json\/wp\/v2\/media?parent=25041"}],"wp:term":[{"taxonomy":"product_brand","embeddable":true,"href":"https:\/\/toy-dem.ro\/index.php\/wp-json\/wp\/v2\/product_brand?post=25041"},{"taxonomy":"product_cat","embeddable":true,"href":"https:\/\/toy-dem.ro\/index.php\/wp-json\/wp\/v2\/product_cat?post=25041"},{"taxonomy":"product_tag","embeddable":true,"href":"https:\/\/toy-dem.ro\/index.php\/wp-json\/wp\/v2\/product_tag?post=25041"}],"curies":[{"name":"wp","href":"https:\/\/api.w.org\/{rel}","templated":true}]}}