{"id":25014,"date":"2026-04-20T07:49:31","date_gmt":"2026-04-20T07:49:31","guid":{"rendered":"https:\/\/toy-dem.ro\/?post_type=product&#038;p=25014"},"modified":"2026-04-20T07:49:32","modified_gmt":"2026-04-20T07:49:32","slug":"aparat-de-tuns-4in1-hypercare-t400-teesa","status":"publish","type":"product","link":"https:\/\/toy-dem.ro\/index.php\/produs\/aparat-de-tuns-4in1-hypercare-t400-teesa\/","title":{"rendered":"APARAT DE TUNS 4IN1 HYPERCARE T400 TEESA"},"content":{"rendered":"<p><img decoding=\"async\" src=\"https:\/\/www.lechpol.ro\/imagini-incarcari\/tsa0525-html-750-0.jpg\" \/><\/p>\n<div class=\"TEXT TEXT2 text-item\">\n<h1>HYPERCARE T400<\/h1>\n<p>Vrei un look perfect? Atunci HYPERCARE T400 va avea cu siguranta loc in baia ta. Acest set multi-functional iti va permite sa te ingrijesti rapid si simplu in fiecare zi.<\/p><\/div>\n<hr \/>\n<section class=\"section\">\n<div class=\"item  zdjecie prawo\">\n<section class=\"image-item\"><img fetchpriority=\"high\" decoding=\"async\" src=\"https:\/\/www.lechpol.ro\/imagini-incarcari\/tsa0525-html-750-1.jpg\" alt=\"\" width=\"750\" height=\"500\" \/><\/section>\n<\/div>\n<div class=\"item  opis lewo\">\n<section class=\"text-item\">\n<h1>Set multifunctional<\/h1>\n<p>HYPERCARE T400 de la Teesa are o gama surprinzator de mare de aplicari. Setul include patru capete diferite ce iti permit sa aranjezi parul, sa iti stilizezi barba sau sa inlaturi parul din nas.<\/section>\n<\/div>\n<\/section>\n<hr \/>\n<section class=\"section\">\n<div class=\"item  zdjecie\">\n<section class=\"image-item\"><img decoding=\"async\" src=\"https:\/\/www.lechpol.ro\/imagini-incarcari\/tsa0525-html-750-2.jpg\" alt=\"\" width=\"750\" height=\"500\" \/><\/section>\n<\/div>\n<div class=\"item  opis\">\n<section class=\"text-item\">\n<h1>Lame de precizie<\/h1>\n<p>Iti place sa ai produse de calitate? Atunci setul HYPERCARE T400 este potrivit pentru tine! Produsul are lame din otel inoxidabil ce iti permit sa tunzi usor si foarte precis.<\/section>\n<\/div>\n<\/section>\n<hr \/>\n<section class=\"section\">\n<div class=\"item  zdjecie prawo\">\n<section class=\"image-item\"><img decoding=\"async\" src=\"https:\/\/www.lechpol.ro\/imagini-incarcari\/tsa0525-html-750-3.jpg\" alt=\"\" width=\"750\" height=\"500\" \/><\/section>\n<\/div>\n<div class=\"item  opis lewo\">\n<section class=\"text-item\">\n<h1>Piepteni pentru tuns<\/h1>\n<p>Vrei sa ai mereu parul tuns asa cum trebuie? Bucura-te mereu de un look impecabil! Setul de la Teesa are 4 piepteni \u2013 3 mm, 6 mm, 9 mm si 12 mm, care te vor ajuta sa creezi tunsoarea perfecta.<\/section>\n<\/div>\n<\/section>\n<hr \/>\n<section class=\"section\">\n<div class=\"item  zdjecie\">\n<section class=\"image-item\"><img loading=\"lazy\" decoding=\"async\" src=\"https:\/\/www.lechpol.ro\/imagini-incarcari\/tsa0525-html-750-4.jpg\" alt=\"\" width=\"750\" height=\"500\" \/><\/section>\n<\/div>\n<div class=\"item  opis\">\n<section class=\"text-item\">\n<h1>Piepteni pentru tuns<\/h1>\n<p>Nu iti plac compromisurile? Datorita lamelor ajustabile atasate HYPERCARE T400 iti permite sa alegi intre unua din cele 5 lungimi de taiere. Acum esti sigur ca vei gasi ceva pe placul tau!<\/section>\n<\/div>\n<\/section>\n<hr \/>\n<section class=\"section\">\n<div class=\"item  zdjecie prawo\">\n<section class=\"image-item\"><img loading=\"lazy\" decoding=\"async\" src=\"https:\/\/www.lechpol.ro\/imagini-incarcari\/tsa0525-html-750-5.jpg\" alt=\"\" width=\"750\" height=\"501\" \/><\/section>\n<\/div>\n<div class=\"item  opis lewo\">\n<section class=\"text-item\">\n<h1>Functionare fara fir<\/h1>\n<p>HYPERCARE T400 de la Teesa are o baterie reincarcabila incorporata, care permite pana la 120 de minute de functionare fara fir. Indicatorul de pe dispozitiv te va informa despre gradul de incarcare.<\/section>\n<\/div>\n<\/section>\n<hr \/>\n<section class=\"section\">\n<div class=\"item  zdjecie\">\n<section class=\"image-item\"><img loading=\"lazy\" decoding=\"async\" src=\"https:\/\/www.lechpol.ro\/imagini-incarcari\/tsa0525-html-750-6.jpg\" alt=\"\" width=\"750\" height=\"500\" \/><\/section>\n<\/div>\n<div class=\"item  opis\">\n<section class=\"text-item\">\n<h1>Statie de incarcare<\/h1>\n<p>Ai nevoie de un dispozitiv care sa fie intotdeauna pregatit pentru utilizare? HYPERCARE T400, are o sta\u021bie de incarcare inclusa in set care te va asigura ca dispozitivul este incarcat ori de cate ori ai nevoie.<\/section>\n<section>Set 4 \u00een 1:<br \/>\nDispozitiv de t\u0103iere cu pieptene reglabil (3, 4, 5, 6, 7 mm)<br \/>\nDispozitiv de t\u0103iere cu 4 piepteni ata\u0219a\u021bi (3, 6, 9, 12 mm)<br \/>\nTrimmer pentru t\u0103iere precis\u0103<br \/>\nCap pentru tunderea p\u0103rului din nas<br \/>\nLame deta\u0219abile din o\u021bel inoxidabil<br \/>\nUtilizare cu cablu sau f\u0103r\u0103 cablu<br \/>\nIndicator \u00eenc\u0103rcare \u0219i func\u021bionare<br \/>\nCur\u0103\u021bare u\u0219oar\u0103<br \/>\nSta\u021bie de \u00eenc\u0103rcare<\/p>\n<p>DATE TEHNICE<br \/>\nAlimentare: 2 W<br \/>\nL\u0103\u021bime dispozitiv de taiere: 44 mm, 33 mm<br \/>\nL\u0103\u021bime trimmer pentru t\u0103ierea de precizie: 9 mm<br \/>\nTimp de func\u021bionare: p\u00e2n\u0103 la 120 min<br \/>\nTimp de \u00eenc\u0103rcare: p\u00e2n\u0103 la 90 min<br \/>\nNivel zgomot: =&lt; 75 dB<br \/>\nBaterie: 3,7 V; 700 mAh<br \/>\nAlimentator:<br \/>\nIntrare: 100 &#8211; 240 V; 50\/60 Hz<br \/>\nIe\u0219ire: 5 V; 1 A<br \/>\nSetul include: \u00eenc\u0103rc\u0103tor AC, sta\u021bie de \u00eencarcare, dispozitiv de t\u0103iere de 44 mm \u0219i 33 mm, trimmer pentru t\u0103iere precis\u0103, cap pentru tunderea p\u0103rului din nas, 5 piepteni, perie de cur\u0103\u021bare, ulei pentru \u00eentre\u021binere, manualul de instruc\u021biuni<\/p>\n<p>PARAMETRI FIZICI<br \/>\nGreutate: 121 g<br \/>\nDimensiuni: 41,5 x 156,2 x 36 mm<\/section>\n<\/div>\n<\/section>\n","protected":false},"excerpt":{"rendered":"<p>HYPERCARE T400 Vrei un look perfect? Atunci HYPERCARE T400 va avea cu siguranta loc in baia ta. Acest set multi-functional iti va permite sa te ingrijesti rapid si simplu in fiecare zi. Set multifunctional HYPERCARE T400 de la Teesa are o gama surprinzator de mare de aplicari. Setul include patru capete diferite ce iti permit [&hellip;]<\/p>\n","protected":false},"featured_media":25023,"comment_status":"open","ping_status":"closed","template":"","meta":[],"product_brand":[161],"product_cat":[200],"product_tag":[],"class_list":{"0":"post-25014","1":"product","2":"type-product","3":"status-publish","4":"has-post-thumbnail","6":"product_brand-teesa","7":"product_cat-ingrijire-personala","9":"first","10":"instock","11":"sale","12":"shipping-taxable","13":"purchasable","14":"product-type-simple"},"exclude_global_add_ons":[],"addons":[],"_links":{"self":[{"href":"https:\/\/toy-dem.ro\/index.php\/wp-json\/wp\/v2\/product\/25014","targetHints":{"allow":["GET"]}}],"collection":[{"href":"https:\/\/toy-dem.ro\/index.php\/wp-json\/wp\/v2\/product"}],"about":[{"href":"https:\/\/toy-dem.ro\/index.php\/wp-json\/wp\/v2\/types\/product"}],"replies":[{"embeddable":true,"href":"https:\/\/toy-dem.ro\/index.php\/wp-json\/wp\/v2\/comments?post=25014"}],"wp:featuredmedia":[{"embeddable":true,"href":"https:\/\/toy-dem.ro\/index.php\/wp-json\/wp\/v2\/media\/25023"}],"wp:attachment":[{"href":"https:\/\/toy-dem.ro\/index.php\/wp-json\/wp\/v2\/media?parent=25014"}],"wp:term":[{"taxonomy":"product_brand","embeddable":true,"href":"https:\/\/toy-dem.ro\/index.php\/wp-json\/wp\/v2\/product_brand?post=25014"},{"taxonomy":"product_cat","embeddable":true,"href":"https:\/\/toy-dem.ro\/index.php\/wp-json\/wp\/v2\/product_cat?post=25014"},{"taxonomy":"product_tag","embeddable":true,"href":"https:\/\/toy-dem.ro\/index.php\/wp-json\/wp\/v2\/product_tag?post=25014"}],"curies":[{"name":"wp","href":"https:\/\/api.w.org\/{rel}","templated":true}]}}