{"id":24940,"date":"2026-04-17T10:22:42","date_gmt":"2026-04-17T10:22:42","guid":{"rendered":"https:\/\/toy-dem.ro\/?post_type=product&#038;p=24940"},"modified":"2026-04-17T10:22:52","modified_gmt":"2026-04-17T10:22:52","slug":"cordless-beard-trimmer-hypercare-t200-teesa","status":"publish","type":"product","link":"https:\/\/toy-dem.ro\/index.php\/produs\/cordless-beard-trimmer-hypercare-t200-teesa\/","title":{"rendered":"CORDLESS BEARD TRIMMER HYPERCARE T200 TEESA"},"content":{"rendered":"<p><img decoding=\"async\" src=\"https:\/\/www.lechpol.ro\/imagini-incarcari\/tsa0524-html-0.jpg\" \/><\/p>\n<div class=\"TEXT TEXT2 text-item\">\n<h1>HYPERCARE T200<\/h1>\n<p>HYPERCARE T200 de la Teesa este un trimmer de calitate care iti permite sa pastrezi imaginea impecabila a barbii tale. Produsul te ajuta sa iti creezi un stil unic, ce te va face mereu sa arati bine!<\/p><\/div>\n<hr \/>\n<section class=\"section\">\n<div class=\"item  zdjecie prawo\">\n<section class=\"image-item\"><img decoding=\"async\" src=\"https:\/\/www.lechpol.ro\/imagini-incarcari\/tsa0524-html-1.jpg\" alt=\"\" \/><\/section>\n<\/div>\n<div class=\" item  opis lewo\">\n<section class=\"text-item\">\n<h1>Lame de precizie<\/h1>\n<p>Trimmerul HYPERCARE T200 este dotat cu lame de calitate care pot taia cu usurinta orice tip de par facial si iti permit stilizarea barbii asa cum doresti.<\/section>\n<\/div>\n<\/section>\n<hr \/>\n<section class=\"section\">\n<div class=\"item  zdjecie\">\n<section class=\"image-item\"><img decoding=\"async\" src=\"https:\/\/www.lechpol.ro\/imagini-incarcari\/tsa0524-html-2.jpg\" alt=\"\" \/><\/section>\n<\/div>\n<div class=\"item  opis\">\n<section class=\"text-item\">\n<h1>Cap pentru tuns<\/h1>\n<p>Nu iti plac compromisurile? Datorita capului detasabil trimmerul HYPERCARE T200 iti permite sa alegi una din cele 9 lungimi de taiere. Acum esti sigur ca vei gasi un mod care sa fie pe placul tau si care sa iti ofere imaginea mult dorita.<\/section>\n<\/div>\n<\/section>\n<hr \/>\n<section class=\"section\">\n<div class=\"item  zdjecie prawo\">\n<section class=\"image-item\"><img decoding=\"async\" src=\"https:\/\/www.lechpol.ro\/imagini-incarcari\/tsa0524-html-3.jpg\" alt=\"\" \/><\/section>\n<\/div>\n<div class=\" item  opis lewo\">\n<section class=\"text-item\">\n<h1>Blocator al lungimii de tundere<\/h1>\n<p>Avantajul trimmerului HYPERCARE T200 de la Teesa este ca are un blocator al lungimii de tundere, ceea ce previne schimbarea accidentala a lungimii in timpul utilizarii produsului. Incearca azi trimmerul si vezi ce usor va fi sa iti stilizezi barba!<\/section>\n<\/div>\n<\/section>\n<hr \/>\n<section class=\"section\">\n<div class=\"item  zdjecie\">\n<section class=\"image-item\"><img decoding=\"async\" src=\"https:\/\/www.lechpol.ro\/imagini-incarcari\/tsa0524-html-4.jpg\" alt=\"\" \/><\/section>\n<\/div>\n<div class=\"item  opis\">\n<section class=\"text-item\">\n<h1>Baterie incorporata<\/h1>\n<p>Uita de cablul incurcat! Pentru un plus de confort trimmerul HYPERCARE T200 este dotat cu o baterie incorporata ce ofera pana la 45 de minute de functionare fara incarcare. Mai mult, produsul este dotat cu un indicator ce te tine la curent cu nivelul de incarcare al bateriei.<\/section>\n<section>CARACTERISTICI PRINCIPALE<br \/>\nPieptene reglabil (2, 4, 6, 8, 10, 12, 14, 16, 18 mm)<br \/>\nUtilizare f\u0103r\u0103 cablu<br \/>\nIndicator \u00eenc\u0103rcare<br \/>\nDispozitiv de taiere deta\u0219abil pentru o cur\u0103\u021bare u\u0219oar\u0103<br \/>\nBlocare lungime de t\u0103iere<\/p>\n<p>DATE TEHNICE<br \/>\nAlimentare: 1,5 W<br \/>\nL\u0103\u021bime dispozitiv de taiere: 32 mm<br \/>\nTimp de func\u021bionare: p\u00e2n\u0103 la 45 min<br \/>\nTimp de \u00eenc\u0103rcare: p\u00e2n\u0103 la 8 ore<br \/>\nNivel zgomot: \u226475 dB<br \/>\nBaterie: 1,2 V \/ 1000 mAh<br \/>\n\u00cenc\u0103rcare: 5 V \/ 1 A<br \/>\nSetul include: cablu USB, pieptene, perie de cur\u0103\u021bare, ulei<br \/>\npentru \u00eentre\u021binere, manualul de instruc\u021biuni<\/p>\n<p>PARAMETRII FIZICI<br \/>\nGreutate: 106 g<br \/>\nDimensiuni: 39 x 155,8 x 41,1 mm<\/section>\n<\/div>\n<\/section>\n","protected":false},"excerpt":{"rendered":"<p>HYPERCARE T200 HYPERCARE T200 de la Teesa este un trimmer de calitate care iti permite sa pastrezi imaginea impecabila a barbii tale. Produsul te ajuta sa iti creezi un stil unic, ce te va face mereu sa arati bine! Lame de precizie Trimmerul HYPERCARE T200 este dotat cu lame de calitate care pot taia cu [&hellip;]<\/p>\n","protected":false},"featured_media":24949,"comment_status":"open","ping_status":"closed","template":"","meta":[],"product_brand":[161],"product_cat":[200],"product_tag":[],"class_list":{"0":"post-24940","1":"product","2":"type-product","3":"status-publish","4":"has-post-thumbnail","6":"product_brand-teesa","7":"product_cat-ingrijire-personala","9":"first","10":"instock","11":"sale","12":"shipping-taxable","13":"purchasable","14":"product-type-simple"},"exclude_global_add_ons":[],"addons":[],"_links":{"self":[{"href":"https:\/\/toy-dem.ro\/index.php\/wp-json\/wp\/v2\/product\/24940","targetHints":{"allow":["GET"]}}],"collection":[{"href":"https:\/\/toy-dem.ro\/index.php\/wp-json\/wp\/v2\/product"}],"about":[{"href":"https:\/\/toy-dem.ro\/index.php\/wp-json\/wp\/v2\/types\/product"}],"replies":[{"embeddable":true,"href":"https:\/\/toy-dem.ro\/index.php\/wp-json\/wp\/v2\/comments?post=24940"}],"wp:featuredmedia":[{"embeddable":true,"href":"https:\/\/toy-dem.ro\/index.php\/wp-json\/wp\/v2\/media\/24949"}],"wp:attachment":[{"href":"https:\/\/toy-dem.ro\/index.php\/wp-json\/wp\/v2\/media?parent=24940"}],"wp:term":[{"taxonomy":"product_brand","embeddable":true,"href":"https:\/\/toy-dem.ro\/index.php\/wp-json\/wp\/v2\/product_brand?post=24940"},{"taxonomy":"product_cat","embeddable":true,"href":"https:\/\/toy-dem.ro\/index.php\/wp-json\/wp\/v2\/product_cat?post=24940"},{"taxonomy":"product_tag","embeddable":true,"href":"https:\/\/toy-dem.ro\/index.php\/wp-json\/wp\/v2\/product_tag?post=24940"}],"curies":[{"name":"wp","href":"https:\/\/api.w.org\/{rel}","templated":true}]}}