{"id":24914,"date":"2026-04-16T12:55:52","date_gmt":"2026-04-16T12:55:52","guid":{"rendered":"https:\/\/toy-dem.ro\/?post_type=product&#038;p=24914"},"modified":"2026-04-16T12:55:52","modified_gmt":"2026-04-16T12:55:52","slug":"placa-par-profesionala-cr2-2322-camry","status":"publish","type":"product","link":"https:\/\/toy-dem.ro\/index.php\/produs\/placa-par-profesionala-cr2-2322-camry\/","title":{"rendered":"PLACA PAR PROFESIONALA CR2 2322 CAMRY"},"content":{"rendered":"<p>P\u0103rul s\u0103n\u0103tos \u0219i str\u0103lucitor este visul tuturor. Din c\u00e2nd \u00een c\u00e2nd, vrem s\u0103 ne schimb\u0103m \u0219i aspectul f\u0103r\u0103 a interfera prea mult cu lungimea sau grosimea p\u0103rului. De aceea, merit\u0103 s\u0103 v\u0103 echipa\u021bi cu o plac\u0103 profesional\u0103 de \u00eendreptat p\u0103rul CAMRY CR 2322, care v\u0103 va permite s\u0103 crea\u021bi rapid \u0219i \u00een siguran\u021b\u0103 o coafur\u0103 original\u0103. Acoperirea cu turmalina, foarte neted\u0103 a pl\u0103cilor, v\u0103 va men\u021bine p\u0103rul perfect . \u0218i nu se vor electriza din cauza propriet\u0103\u021bilor turmalinei.<\/p>\n<p>Specifica\u021bii<\/p>\n<p>Acoperirea pl\u0103cilor din ceramic\u0103-turmalin\u0103 &#8211; previne eficient electrizarea<br \/>\nDimensiunea pl\u0103cilor de \u00eenc\u0103lzire: 11cm x 2,5cm<br \/>\n\u00cenc\u0103lzire rapid\u0103<br \/>\nIndicator de temperatur\u0103: cu diode LED<br \/>\nCuloare diod\u0103: alb<br \/>\nControl digital al temperaturii<br \/>\n4 setari de temperatura: 150\u00b0C, 170\u00b0C, 190\u00b0C, 230\u00b0C<br \/>\nLac\u0103t de \u00eenchidere<br \/>\nCablu alimentare pivotant 360\u00b0<br \/>\nLungime cablu de alimentare: 180 cm<br \/>\nOprire automat\u0103 dup\u0103 40 de minute<br \/>\nAlimentare: 220-240V ~50\/60Hz<br \/>\nPutere nominala: 50W<br \/>\nPutere maxima: 300W<br \/>\nTip priz\u0103: C<\/p>\n","protected":false},"excerpt":{"rendered":"<p>P\u0103rul s\u0103n\u0103tos \u0219i str\u0103lucitor este visul tuturor. Din c\u00e2nd \u00een c\u00e2nd, vrem s\u0103 ne schimb\u0103m \u0219i aspectul f\u0103r\u0103 a interfera prea mult cu lungimea sau grosimea p\u0103rului. De aceea, merit\u0103 s\u0103 v\u0103 echipa\u021bi cu o plac\u0103 profesional\u0103 de \u00eendreptat p\u0103rul CAMRY CR 2322, care v\u0103 va permite s\u0103 crea\u021bi rapid \u0219i \u00een siguran\u021b\u0103 o coafur\u0103 [&hellip;]<\/p>\n","protected":false},"featured_media":24925,"comment_status":"open","ping_status":"closed","template":"","meta":[],"product_brand":[144],"product_cat":[200],"product_tag":[],"class_list":{"0":"post-24914","1":"product","2":"type-product","3":"status-publish","4":"has-post-thumbnail","6":"product_brand-camry","7":"product_cat-ingrijire-personala","9":"first","10":"instock","11":"sale","12":"shipping-taxable","13":"purchasable","14":"product-type-simple"},"exclude_global_add_ons":[],"addons":[],"_links":{"self":[{"href":"https:\/\/toy-dem.ro\/index.php\/wp-json\/wp\/v2\/product\/24914","targetHints":{"allow":["GET"]}}],"collection":[{"href":"https:\/\/toy-dem.ro\/index.php\/wp-json\/wp\/v2\/product"}],"about":[{"href":"https:\/\/toy-dem.ro\/index.php\/wp-json\/wp\/v2\/types\/product"}],"replies":[{"embeddable":true,"href":"https:\/\/toy-dem.ro\/index.php\/wp-json\/wp\/v2\/comments?post=24914"}],"wp:featuredmedia":[{"embeddable":true,"href":"https:\/\/toy-dem.ro\/index.php\/wp-json\/wp\/v2\/media\/24925"}],"wp:attachment":[{"href":"https:\/\/toy-dem.ro\/index.php\/wp-json\/wp\/v2\/media?parent=24914"}],"wp:term":[{"taxonomy":"product_brand","embeddable":true,"href":"https:\/\/toy-dem.ro\/index.php\/wp-json\/wp\/v2\/product_brand?post=24914"},{"taxonomy":"product_cat","embeddable":true,"href":"https:\/\/toy-dem.ro\/index.php\/wp-json\/wp\/v2\/product_cat?post=24914"},{"taxonomy":"product_tag","embeddable":true,"href":"https:\/\/toy-dem.ro\/index.php\/wp-json\/wp\/v2\/product_tag?post=24914"}],"curies":[{"name":"wp","href":"https:\/\/api.w.org\/{rel}","templated":true}]}}