{"id":24815,"date":"2026-04-16T12:16:34","date_gmt":"2026-04-16T12:16:34","guid":{"rendered":"https:\/\/toy-dem.ro\/?post_type=product&#038;p=24815"},"modified":"2026-04-16T12:16:45","modified_gmt":"2026-04-16T12:16:45","slug":"boxa-bluetooth-cu-usb-msd-20w","status":"publish","type":"product","link":"https:\/\/toy-dem.ro\/index.php\/produs\/boxa-bluetooth-cu-usb-msd-20w\/","title":{"rendered":"BOXA BLUETOOTH CU USB\/MSD 20W"},"content":{"rendered":"<p>Sistem audio alimentat de baterii cu efecte de lumin\u0103 la fiecare cap\u0103t. Ofer\u0103 func\u021bia TWS care permite conectarea a 2 BULLET20 la o singur\u0103 surs\u0103 Bluetooth beneficiind astfel de un sunet de putere mai mare \u00een interior sau \u00een exterior.<\/p>\n<p>Bluetooth cu functie TWS<br \/>\nIntr\u0103ri USB, TF \u0219i AUX<br \/>\nDifuzoare iluminate cu LED la fiecare cap\u0103t<br \/>\nCurea de m\u00e2n\u0103 \u0219i cablu USB incluse<\/p>\n<p>Caracteristici tehnice<\/p>\n<p>Dimensiuni: 176 x 70 x 70mm<br \/>\nTensiune de intrare: 5Vdc 1A<br \/>\nGreutate: 0,48 kg<br \/>\nPutere maxima: 20W<br \/>\nBaterie Litiu-ion 3.7Vdc 1500mAh<br \/>\nBanda de frecventa Bluetooth: 2402-2480MHz<\/p>\n","protected":false},"excerpt":{"rendered":"<p>Sistem audio alimentat de baterii cu efecte de lumin\u0103 la fiecare cap\u0103t. Ofer\u0103 func\u021bia TWS care permite conectarea a 2 BULLET20 la o singur\u0103 surs\u0103 Bluetooth beneficiind astfel de un sunet de putere mai mare \u00een interior sau \u00een exterior. Bluetooth cu functie TWS Intr\u0103ri USB, TF \u0219i AUX Difuzoare iluminate cu LED la fiecare [&hellip;]<\/p>\n","protected":false},"featured_media":24823,"comment_status":"open","ping_status":"closed","template":"","meta":[],"product_brand":[199],"product_cat":[176,169],"product_tag":[],"class_list":{"0":"post-24815","1":"product","2":"type-product","3":"status-publish","4":"has-post-thumbnail","6":"product_brand-ibiza","7":"product_cat-audio","8":"product_cat-diverse","10":"first","11":"instock","12":"sale","13":"shipping-taxable","14":"purchasable","15":"product-type-simple"},"exclude_global_add_ons":[],"addons":[],"_links":{"self":[{"href":"https:\/\/toy-dem.ro\/index.php\/wp-json\/wp\/v2\/product\/24815","targetHints":{"allow":["GET"]}}],"collection":[{"href":"https:\/\/toy-dem.ro\/index.php\/wp-json\/wp\/v2\/product"}],"about":[{"href":"https:\/\/toy-dem.ro\/index.php\/wp-json\/wp\/v2\/types\/product"}],"replies":[{"embeddable":true,"href":"https:\/\/toy-dem.ro\/index.php\/wp-json\/wp\/v2\/comments?post=24815"}],"wp:featuredmedia":[{"embeddable":true,"href":"https:\/\/toy-dem.ro\/index.php\/wp-json\/wp\/v2\/media\/24823"}],"wp:attachment":[{"href":"https:\/\/toy-dem.ro\/index.php\/wp-json\/wp\/v2\/media?parent=24815"}],"wp:term":[{"taxonomy":"product_brand","embeddable":true,"href":"https:\/\/toy-dem.ro\/index.php\/wp-json\/wp\/v2\/product_brand?post=24815"},{"taxonomy":"product_cat","embeddable":true,"href":"https:\/\/toy-dem.ro\/index.php\/wp-json\/wp\/v2\/product_cat?post=24815"},{"taxonomy":"product_tag","embeddable":true,"href":"https:\/\/toy-dem.ro\/index.php\/wp-json\/wp\/v2\/product_tag?post=24815"}],"curies":[{"name":"wp","href":"https:\/\/api.w.org\/{rel}","templated":true}]}}