{"id":24659,"date":"2026-04-15T11:52:07","date_gmt":"2026-04-15T11:52:07","guid":{"rendered":"https:\/\/toy-dem.ro\/?post_type=product&#038;p=24659"},"modified":"2026-04-15T11:52:07","modified_gmt":"2026-04-15T11:52:07","slug":"mixer-de-mana-200-w-sencor","status":"publish","type":"product","link":"https:\/\/toy-dem.ro\/index.php\/produs\/mixer-de-mana-200-w-sencor\/","title":{"rendered":"MIXER DE MANA 200 W SENCOR"},"content":{"rendered":"<p>5 niveluri de vitez\u0103 pentru toate tipurile de re\u021bete<br \/>\nButon Turbo pentru vitez\u0103 maxim\u0103<\/p>\n<p>2 tipuri de accesorii:<br \/>\nSet de teluri pentru fri\u0219c\u0103, creme, piure de cartofi, creme tartinabile, albu\u0219uri \u0219i g\u0103lbenu\u0219uri de ou<br \/>\nSet de c\u00e2rlige de fr\u0103m\u00e2ntat pentru fr\u0103m\u00e2ntarea aluatului<\/p>\n<p>Buton pentru eliberarea \u0219i \u00eendep\u0103rtarea confortabil\u0103 a accesoriilor<br \/>\nFunc\u021bionare silen\u021bioas\u0103<br \/>\nM\u00e2ner ergonomic cu suprafa\u021b\u0103 cauciucat\u0103<br \/>\nCur\u0103\u021bare u\u0219oar\u0103 (telurile \u0219i c\u00e2rligele pot fi sp\u0103late \u00een ma\u0219ina de sp\u0103lat vase)<br \/>\nSiguran\u021b\u0103 termic\u0103 \u00eempotriva supra\u00eenc\u0103lzirii<br \/>\nPutere nominal\u0103: 200 W<br \/>\nLungime cablu de alimentare: 1,2 m<br \/>\nCuloare: alb\/albastru<\/p>\n","protected":false},"excerpt":{"rendered":"<p>5 niveluri de vitez\u0103 pentru toate tipurile de re\u021bete Buton Turbo pentru vitez\u0103 maxim\u0103 2 tipuri de accesorii: Set de teluri pentru fri\u0219c\u0103, creme, piure de cartofi, creme tartinabile, albu\u0219uri \u0219i g\u0103lbenu\u0219uri de ou Set de c\u00e2rlige de fr\u0103m\u00e2ntat pentru fr\u0103m\u00e2ntarea aluatului Buton pentru eliberarea \u0219i \u00eendep\u0103rtarea confortabil\u0103 a accesoriilor Func\u021bionare silen\u021bioas\u0103 M\u00e2ner ergonomic cu [&hellip;]<\/p>\n","protected":false},"featured_media":24666,"comment_status":"open","ping_status":"closed","template":"","meta":[],"product_brand":[159],"product_cat":[170],"product_tag":[],"class_list":{"0":"post-24659","1":"product","2":"type-product","3":"status-publish","4":"has-post-thumbnail","6":"product_brand-sencor","7":"product_cat-electrocasnice","9":"first","10":"instock","11":"sale","12":"shipping-taxable","13":"purchasable","14":"product-type-simple"},"exclude_global_add_ons":[],"addons":[],"_links":{"self":[{"href":"https:\/\/toy-dem.ro\/index.php\/wp-json\/wp\/v2\/product\/24659","targetHints":{"allow":["GET"]}}],"collection":[{"href":"https:\/\/toy-dem.ro\/index.php\/wp-json\/wp\/v2\/product"}],"about":[{"href":"https:\/\/toy-dem.ro\/index.php\/wp-json\/wp\/v2\/types\/product"}],"replies":[{"embeddable":true,"href":"https:\/\/toy-dem.ro\/index.php\/wp-json\/wp\/v2\/comments?post=24659"}],"wp:featuredmedia":[{"embeddable":true,"href":"https:\/\/toy-dem.ro\/index.php\/wp-json\/wp\/v2\/media\/24666"}],"wp:attachment":[{"href":"https:\/\/toy-dem.ro\/index.php\/wp-json\/wp\/v2\/media?parent=24659"}],"wp:term":[{"taxonomy":"product_brand","embeddable":true,"href":"https:\/\/toy-dem.ro\/index.php\/wp-json\/wp\/v2\/product_brand?post=24659"},{"taxonomy":"product_cat","embeddable":true,"href":"https:\/\/toy-dem.ro\/index.php\/wp-json\/wp\/v2\/product_cat?post=24659"},{"taxonomy":"product_tag","embeddable":true,"href":"https:\/\/toy-dem.ro\/index.php\/wp-json\/wp\/v2\/product_tag?post=24659"}],"curies":[{"name":"wp","href":"https:\/\/api.w.org\/{rel}","templated":true}]}}