{"id":24153,"date":"2026-04-07T06:52:17","date_gmt":"2026-04-07T06:52:17","guid":{"rendered":"https:\/\/toy-dem.ro\/?post_type=product&#038;p=24153"},"modified":"2026-04-07T06:52:18","modified_gmt":"2026-04-07T06:52:18","slug":"kit-tastatura-si-mouse-wireless","status":"publish","type":"product","link":"https:\/\/toy-dem.ro\/index.php\/produs\/kit-tastatura-si-mouse-wireless\/","title":{"rendered":"KIT TASTATURA SI MOUSE WIRELESS"},"content":{"rendered":"<p>CARACTERISTICI IMPORTANTE<br \/>\nTastatur\u0103 cu membran\u0103 durabil\u0103, mouse optic fiabil, set ergonomic pentru munc\u0103 \u0219i divertisment.<br \/>\nKitul este format dintr-o tastatur\u0103 ergonomic\u0103 \u0219i un mouse optic.<br \/>\nEste conceput pentru o utilizare confortabil\u0103 a computerului.<br \/>\nTastatura durabil\u0103 are 104 taste.<br \/>\nControlul mouse-ului optic este simplificat de o derulare fiabil\u0103.<br \/>\nRezolu\u021bia acceptat\u0103 de 1.000 DPI \u00eei cre\u0219te precizia.<\/p>\n<p>MOBILITATE \u0218I DURABILITATE<br \/>\nSetul wireless este mobil \u0219i nu necesit\u0103 drivere.<br \/>\nRaz\u0103 lung\u0103 de ac\u021biune asigur\u0103 conexiunea prin nano-receptor.<br \/>\nUn alt avantaj este durabilitatea ridicat\u0103 a dispozitivelor, p\u00e2n\u0103 la 30.000.000 de click-uri.<br \/>\n\u00cen\u0103l\u021bimea adecvat\u0103 a membranelor cre\u0219te confortul utiliz\u0103rii tastaturii.<\/p>\n<p>SPECIFICA\u021aII TEHNICE ALE TASTATURII:<br \/>\nConectivitate: Wireless<br \/>\nTip tastatur\u0103: membran\u0103, universal\u0103<br \/>\nNum\u0103r de taste: 104<br \/>\nDispozi\u021bie taste: standard (alte limbi acceptate)<br \/>\nTaste numerice: da<br \/>\nButoane multimedia: nu<br \/>\nDimensiunea tastaturii: 450 mm x 145 mm x 35 mm<br \/>\nRaz\u0103 de ac\u021biune: 10 m \u00b1 2 m<br \/>\nCompatibilitate: Windows 7\/8\/10 \/ ME \/ 2000 \/ XP \/ VISTA \/ MAC<br \/>\nAlimentare: 1 x baterie AA<br \/>\nDurat\u0103 de via\u021b\u0103: 30.000.000 de click-uri<\/p>\n<p>SPECIFICA\u021aII TEHNICE ALE MOUSE-ULUI:<br \/>\nConectivitate: wireless (nano USB)<br \/>\nTip mouse: universal<br \/>\nRezolu\u021bie: 1.000 DPI<br \/>\nNum\u0103r de butoane: 3<br \/>\nDimensiunea mouse-ului: 103 mm x 63 mm x 40 mm<br \/>\nMaterial: Plastic ABS<br \/>\nCompatibilitate: Windows 7\/8\/10 \/ ME \/ 2000 \/ XP \/ VISTA \/ MAC<br \/>\nAlimentare: 2 baterii AAA<br \/>\nDurata de via\u021b\u0103: 30.000.000 de click-uri<\/p>\n","protected":false},"excerpt":{"rendered":"<p>CARACTERISTICI IMPORTANTE Tastatur\u0103 cu membran\u0103 durabil\u0103, mouse optic fiabil, set ergonomic pentru munc\u0103 \u0219i divertisment. Kitul este format dintr-o tastatur\u0103 ergonomic\u0103 \u0219i un mouse optic. Este conceput pentru o utilizare confortabil\u0103 a computerului. Tastatura durabil\u0103 are 104 taste. Controlul mouse-ului optic este simplificat de o derulare fiabil\u0103. Rezolu\u021bia acceptat\u0103 de 1.000 DPI \u00eei cre\u0219te precizia. [&hellip;]<\/p>\n","protected":false},"featured_media":24163,"comment_status":"open","ping_status":"closed","template":"","meta":[],"product_brand":[153],"product_cat":[172],"product_tag":[],"class_list":{"0":"post-24153","1":"product","2":"type-product","3":"status-publish","4":"has-post-thumbnail","6":"product_brand-omega","7":"product_cat-periferice-pc","9":"first","10":"instock","11":"sale","12":"shipping-taxable","13":"purchasable","14":"product-type-simple"},"exclude_global_add_ons":[],"addons":[],"_links":{"self":[{"href":"https:\/\/toy-dem.ro\/index.php\/wp-json\/wp\/v2\/product\/24153","targetHints":{"allow":["GET"]}}],"collection":[{"href":"https:\/\/toy-dem.ro\/index.php\/wp-json\/wp\/v2\/product"}],"about":[{"href":"https:\/\/toy-dem.ro\/index.php\/wp-json\/wp\/v2\/types\/product"}],"replies":[{"embeddable":true,"href":"https:\/\/toy-dem.ro\/index.php\/wp-json\/wp\/v2\/comments?post=24153"}],"wp:featuredmedia":[{"embeddable":true,"href":"https:\/\/toy-dem.ro\/index.php\/wp-json\/wp\/v2\/media\/24163"}],"wp:attachment":[{"href":"https:\/\/toy-dem.ro\/index.php\/wp-json\/wp\/v2\/media?parent=24153"}],"wp:term":[{"taxonomy":"product_brand","embeddable":true,"href":"https:\/\/toy-dem.ro\/index.php\/wp-json\/wp\/v2\/product_brand?post=24153"},{"taxonomy":"product_cat","embeddable":true,"href":"https:\/\/toy-dem.ro\/index.php\/wp-json\/wp\/v2\/product_cat?post=24153"},{"taxonomy":"product_tag","embeddable":true,"href":"https:\/\/toy-dem.ro\/index.php\/wp-json\/wp\/v2\/product_tag?post=24153"}],"curies":[{"name":"wp","href":"https:\/\/api.w.org\/{rel}","templated":true}]}}