{"id":24048,"date":"2026-04-06T13:47:19","date_gmt":"2026-04-06T13:47:19","guid":{"rendered":"https:\/\/toy-dem.ro\/?post_type=product&#038;p=24048"},"modified":"2026-04-06T13:47:20","modified_gmt":"2026-04-06T13:47:20","slug":"mouse-gaming-2400dpi-gembird","status":"publish","type":"product","link":"https:\/\/toy-dem.ro\/index.php\/produs\/mouse-gaming-2400dpi-gembird\/","title":{"rendered":"MOUSE GAMING 2400DPI GEMBIRD"},"content":{"rendered":"<p>Interfa\u021b\u0103: USB 2.0<br \/>\nRezolu\u021bii optice: 600, 800, 1200, 1600, 2400 DPI<br \/>\nAmbidextru: da<br \/>\nDurata de via\u021b\u0103 a butonului: 5 milioane de clicuri<br \/>\nCablu: nailon anti-\u00eencurcare<br \/>\nLungime cablu: 1,3 m<br \/>\nDimensiuni: 130 x 72 x 41 mm<br \/>\nGreutate net\u0103: 121 g<\/p>\n","protected":false},"excerpt":{"rendered":"<p>Interfa\u021b\u0103: USB 2.0 Rezolu\u021bii optice: 600, 800, 1200, 1600, 2400 DPI Ambidextru: da Durata de via\u021b\u0103 a butonului: 5 milioane de clicuri Cablu: nailon anti-\u00eencurcare Lungime cablu: 1,3 m Dimensiuni: 130 x 72 x 41 mm Greutate net\u0103: 121 g<\/p>\n","protected":false},"featured_media":24053,"comment_status":"open","ping_status":"closed","template":"","meta":[],"product_brand":[192],"product_cat":[171,172],"product_tag":[],"class_list":{"0":"post-24048","1":"product","2":"type-product","3":"status-publish","4":"has-post-thumbnail","6":"product_brand-gembird","7":"product_cat-gaming","8":"product_cat-periferice-pc","10":"first","11":"instock","12":"sale","13":"shipping-taxable","14":"purchasable","15":"product-type-simple"},"exclude_global_add_ons":[],"addons":[],"_links":{"self":[{"href":"https:\/\/toy-dem.ro\/index.php\/wp-json\/wp\/v2\/product\/24048","targetHints":{"allow":["GET"]}}],"collection":[{"href":"https:\/\/toy-dem.ro\/index.php\/wp-json\/wp\/v2\/product"}],"about":[{"href":"https:\/\/toy-dem.ro\/index.php\/wp-json\/wp\/v2\/types\/product"}],"replies":[{"embeddable":true,"href":"https:\/\/toy-dem.ro\/index.php\/wp-json\/wp\/v2\/comments?post=24048"}],"wp:featuredmedia":[{"embeddable":true,"href":"https:\/\/toy-dem.ro\/index.php\/wp-json\/wp\/v2\/media\/24053"}],"wp:attachment":[{"href":"https:\/\/toy-dem.ro\/index.php\/wp-json\/wp\/v2\/media?parent=24048"}],"wp:term":[{"taxonomy":"product_brand","embeddable":true,"href":"https:\/\/toy-dem.ro\/index.php\/wp-json\/wp\/v2\/product_brand?post=24048"},{"taxonomy":"product_cat","embeddable":true,"href":"https:\/\/toy-dem.ro\/index.php\/wp-json\/wp\/v2\/product_cat?post=24048"},{"taxonomy":"product_tag","embeddable":true,"href":"https:\/\/toy-dem.ro\/index.php\/wp-json\/wp\/v2\/product_tag?post=24048"}],"curies":[{"name":"wp","href":"https:\/\/api.w.org\/{rel}","templated":true}]}}