{"id":23932,"date":"2026-04-06T12:14:26","date_gmt":"2026-04-06T12:14:26","guid":{"rendered":"https:\/\/toy-dem.ro\/?post_type=product&#038;p=23932"},"modified":"2026-04-06T12:14:26","modified_gmt":"2026-04-06T12:14:26","slug":"incarcator-auto-usb-type-c-qc-pd-30w-krugermatz","status":"publish","type":"product","link":"https:\/\/toy-dem.ro\/index.php\/produs\/incarcator-auto-usb-type-c-qc-pd-30w-krugermatz\/","title":{"rendered":"INCARCATOR AUTO USB \/ TYPE C QC PD 30W KRUGER&#038;MATZ"},"content":{"rendered":"<p><img decoding=\"async\" src=\"https:\/\/www.lechpol.ro\/imagini-incarcari\/km0871-html-0-1500px.jpg\" alt=\"Incarcator auto Kruger&amp;Matz KM0871\" \/><\/p>\n<section class=\"section_2\">\n<div class=\"text-item TEXT_MOBILE \">\n<h2>Incarcator auto Kruger&amp;Matz KM0871<\/h2>\n<p>Incarcatorul auto Kruger&amp;Matz KM0871 este un accesoriu care ar trebui sa fie in fiecare masina. Acest incarcator elegant cu conectori USB A si USB Type C, cu o putere maxima de 30 W, este un accesoriu esential pentru fiecare sofer care apreciaza fiabilitatea si viteza de incarcare a dispozitivelor mobile.<\/p>\n<\/div>\n<\/section>\n<section class=\"section\">\n<div class=\"item zdjecie\">\n<section class=\"image-item\"><img decoding=\"async\" title=\"Incarcare rapida\" src=\"https:\/\/www.lechpol.ro\/imagini-incarcari\/km0871-html-1-750px.jpg\" alt=\"Incarcare rapida\" \/><\/section>\n<\/div>\n<div class=\"item opis\">\n<section class=\"text-item\">\n<h2>Incarcare rapida<\/h2>\n<p>Tineti dispozitivele incarcate in timpul calatoriilor lungi de afaceri sau de vacanta. Incarcatorul auto USB Kruger&amp;Matz este echipat cu tehnologie de incarcare rapida. Datorita acestuia, smartphone-ul, tableta sau alt dispozitiv compatibil se vor incarca intr-un timp mult mai scurt decat in cazul unui dispozitiv traditional.<\/p>\n<\/section>\n<\/div>\n<\/section>\n<section class=\"section\">\n<div class=\"item zdjecie prawo\">\n<section class=\"image-item\"><img decoding=\"async\" title=\"Conectori universali\" src=\"https:\/\/www.lechpol.ro\/imagini-incarcari\/km0871-html-2-750px.jpg\" alt=\"Conectori universali\" \/><\/section>\n<\/div>\n<div class=\"item opis lewo\">\n<section class=\"text-item\">\n<h2>Conectori universali<\/h2>\n<p>Echipat cu porturi USB A si USB tip C, incarcatorul iti permite sa incerci doua dispozitive simultan, ceea ce il face o solutie ideala pentru persoanele care folosesc diferite tipuri de dispozitive in timpul calatoriilor. Incarca-ti smartphone-ul, tableta, navigatia GPS si alte dispozitive mobile, economisind timp pretios.<\/p>\n<\/section>\n<\/div>\n<\/section>\n<section class=\"section\">\n<div class=\"item zdjecie\">\n<section class=\"image-item\"><img decoding=\"async\" title=\"Dimensiuni compacte\" src=\"https:\/\/www.lechpol.ro\/imagini-incarcari\/km0871-html-3-750px.jpg\" alt=\"Dimensiuni compacte\" \/><\/section>\n<\/div>\n<div class=\"item opis\">\n<section class=\"text-item\">\n<h2>Dimensiuni compacte<\/h2>\n<p>Avantajul incarcatorului auto USB Kruger&amp;Matz este dimensiunea sa compacta, ceea ce face ca dispozitivul sa nu fie vizibil, dar este compatibil cu majoritatea brichetelor auto. Produsul este este fabricat din aluminiu de inalta calitate, care garanteaza rezistenta la deteriorare.<\/p>\n<\/section>\n<\/div>\n<\/section>\n<section class=\"section\">\n<div class=\"item zdjecie prawo\">\n<section class=\"image-item\"><img decoding=\"async\" title=\"Sigur de utilizat\" src=\"https:\/\/www.lechpol.ro\/imagini-incarcari\/km0871-html-4-750px.jpg\" alt=\"Sigur de utilizat\" \/><\/section>\n<\/div>\n<div class=\"item opis lewo\">\n<section class=\"text-item\">\n<h2>Sigur de utilizat<\/h2>\n<p>Incarcatorul Kruger&amp;Matz are un certificat RoHs si are un marcaj de calitate CE care arata conformitatea cu directivele Uniunii Europene. La randul s\u0103u, protectia avansata impotriva supraincarcarii si supratensiunii asigura siguranta deplina atat pentru incarcator, cat si pentru dispozitivele incarcate.<\/p>\n<p>Tip: \u00eenc\u0103rc\u0103tor auto<br \/>\nConectivitate: USB<br \/>\nTip conector: USB A, USB tip C<br \/>\nPutere: max. 30W<br \/>\nIntrare: 12-24V<br \/>\nIe\u0219ire:<br \/>\n\u2022 Ie\u0219ire USB Type-C: 5V\/3A; 9V\/3A; 12V\/2.5A<br \/>\n\u2022 Ie\u0219ire USB A: 5V\/3A; 9V\/2A; 12V\/1.5A<br \/>\n\u2022 Ie\u0219ire USB A+USB Type C: 30 W max.<br \/>\nProtec\u021bii: \u00cempotriva supra\u00eenc\u0103rc\u0103rii \u0219i supratensiunii<br \/>\nCertificate de siguran\u021b\u0103 ale ITS: CE, RoHS<br \/>\n\u00cenc\u0103rcare rapid\u0103 Qualcomm<br \/>\nPower Delivery<br \/>\nMaterial carcasa: aluminiu<\/p>\n<\/section>\n<\/div>\n<\/section>\n","protected":false},"excerpt":{"rendered":"<p>Incarcator auto Kruger&amp;Matz KM0871 Incarcatorul auto Kruger&amp;Matz KM0871 este un accesoriu care ar trebui sa fie in fiecare masina. Acest incarcator elegant cu conectori USB A si USB Type C, cu o putere maxima de 30 W, este un accesoriu esential pentru fiecare sofer care apreciaza fiabilitatea si viteza de incarcare a dispozitivelor mobile. Incarcare [&hellip;]<\/p>\n","protected":false},"featured_media":23938,"comment_status":"open","ping_status":"closed","template":"","meta":[],"product_brand":[147],"product_cat":[166],"product_tag":[],"class_list":{"0":"post-23932","1":"product","2":"type-product","3":"status-publish","4":"has-post-thumbnail","6":"product_brand-krugermatz","7":"product_cat-accesorii-gsm","9":"first","10":"instock","11":"sale","12":"shipping-taxable","13":"purchasable","14":"product-type-simple"},"exclude_global_add_ons":[],"addons":[],"_links":{"self":[{"href":"https:\/\/toy-dem.ro\/index.php\/wp-json\/wp\/v2\/product\/23932","targetHints":{"allow":["GET"]}}],"collection":[{"href":"https:\/\/toy-dem.ro\/index.php\/wp-json\/wp\/v2\/product"}],"about":[{"href":"https:\/\/toy-dem.ro\/index.php\/wp-json\/wp\/v2\/types\/product"}],"replies":[{"embeddable":true,"href":"https:\/\/toy-dem.ro\/index.php\/wp-json\/wp\/v2\/comments?post=23932"}],"wp:featuredmedia":[{"embeddable":true,"href":"https:\/\/toy-dem.ro\/index.php\/wp-json\/wp\/v2\/media\/23938"}],"wp:attachment":[{"href":"https:\/\/toy-dem.ro\/index.php\/wp-json\/wp\/v2\/media?parent=23932"}],"wp:term":[{"taxonomy":"product_brand","embeddable":true,"href":"https:\/\/toy-dem.ro\/index.php\/wp-json\/wp\/v2\/product_brand?post=23932"},{"taxonomy":"product_cat","embeddable":true,"href":"https:\/\/toy-dem.ro\/index.php\/wp-json\/wp\/v2\/product_cat?post=23932"},{"taxonomy":"product_tag","embeddable":true,"href":"https:\/\/toy-dem.ro\/index.php\/wp-json\/wp\/v2\/product_tag?post=23932"}],"curies":[{"name":"wp","href":"https:\/\/api.w.org\/{rel}","templated":true}]}}