{"id":23869,"date":"2026-04-06T11:30:40","date_gmt":"2026-04-06T11:30:40","guid":{"rendered":"https:\/\/toy-dem.ro\/?post_type=product&#038;p=23869"},"modified":"2026-04-06T11:30:41","modified_gmt":"2026-04-06T11:30:41","slug":"cablu-tip-c-tip-c-60w-2m-alb","status":"publish","type":"product","link":"https:\/\/toy-dem.ro\/index.php\/produs\/cablu-tip-c-tip-c-60w-2m-alb\/","title":{"rendered":"CABLU TIP C &#8211; TIP C 60W 2M &#8211; ALB"},"content":{"rendered":"<p>XO NB-Q190B PD este un cablu echipat cu conectori USB-C \u0219i USB-C.<br \/>\nCablul v\u0103 va permite s\u0103 profita\u021bi la maximum de puterea maxim\u0103 cu care dispozitivele compatibile se pot \u00eenc\u0103rca.<br \/>\nCuloare: alb<br \/>\nLungimea cablului: 2 m<br \/>\nMufa: USB &#8211; C tata<br \/>\nPutere maxim\u0103 [W]: 60<br \/>\nStandard de \u00eenc\u0103rcare rapid\u0103: PD (Power Delivery)<\/p>\n","protected":false},"excerpt":{"rendered":"<p>XO NB-Q190B PD este un cablu echipat cu conectori USB-C \u0219i USB-C. Cablul v\u0103 va permite s\u0103 profita\u021bi la maximum de puterea maxim\u0103 cu care dispozitivele compatibile se pot \u00eenc\u0103rca. Culoare: alb Lungimea cablului: 2 m Mufa: USB &#8211; C tata Putere maxim\u0103 [W]: 60 Standard de \u00eenc\u0103rcare rapid\u0103: PD (Power Delivery)<\/p>\n","protected":false},"featured_media":23872,"comment_status":"open","ping_status":"closed","template":"","meta":[],"product_brand":[191],"product_cat":[166],"product_tag":[],"class_list":{"0":"post-23869","1":"product","2":"type-product","3":"status-publish","4":"has-post-thumbnail","6":"product_brand-xo","7":"product_cat-accesorii-gsm","9":"first","10":"instock","11":"sale","12":"shipping-taxable","13":"purchasable","14":"product-type-simple"},"exclude_global_add_ons":[],"addons":[],"_links":{"self":[{"href":"https:\/\/toy-dem.ro\/index.php\/wp-json\/wp\/v2\/product\/23869","targetHints":{"allow":["GET"]}}],"collection":[{"href":"https:\/\/toy-dem.ro\/index.php\/wp-json\/wp\/v2\/product"}],"about":[{"href":"https:\/\/toy-dem.ro\/index.php\/wp-json\/wp\/v2\/types\/product"}],"replies":[{"embeddable":true,"href":"https:\/\/toy-dem.ro\/index.php\/wp-json\/wp\/v2\/comments?post=23869"}],"wp:featuredmedia":[{"embeddable":true,"href":"https:\/\/toy-dem.ro\/index.php\/wp-json\/wp\/v2\/media\/23872"}],"wp:attachment":[{"href":"https:\/\/toy-dem.ro\/index.php\/wp-json\/wp\/v2\/media?parent=23869"}],"wp:term":[{"taxonomy":"product_brand","embeddable":true,"href":"https:\/\/toy-dem.ro\/index.php\/wp-json\/wp\/v2\/product_brand?post=23869"},{"taxonomy":"product_cat","embeddable":true,"href":"https:\/\/toy-dem.ro\/index.php\/wp-json\/wp\/v2\/product_cat?post=23869"},{"taxonomy":"product_tag","embeddable":true,"href":"https:\/\/toy-dem.ro\/index.php\/wp-json\/wp\/v2\/product_tag?post=23869"}],"curies":[{"name":"wp","href":"https:\/\/api.w.org\/{rel}","templated":true}]}}