{"id":23862,"date":"2026-04-06T11:25:06","date_gmt":"2026-04-06T11:25:06","guid":{"rendered":"https:\/\/toy-dem.ro\/?post_type=product&#038;p=23862"},"modified":"2026-04-06T11:25:18","modified_gmt":"2026-04-06T11:25:18","slug":"cablu-tip-c-tip-c-60w-1m-albastru","status":"publish","type":"product","link":"https:\/\/toy-dem.ro\/index.php\/produs\/cablu-tip-c-tip-c-60w-1m-albastru\/","title":{"rendered":"CABLU TIP C -TIP C 60W 1M &#8211; ALBASTRU"},"content":{"rendered":"<p>XO NB-Q265B PD este un cablu echipat cu conectori USB-C \u0219i USB-C.<br \/>\nCablul v\u0103 va permite s\u0103 profita\u021bi la maximum de puterea maxim\u0103 cu care dispozitivele compatibile se pot \u00eenc\u0103rca.<br \/>\nCuloare: albastru<br \/>\nLungimea cablului: 2 m<br \/>\nMufa: USB &#8211; C tata<br \/>\nPutere maxim\u0103 [W]: 60<br \/>\nStandard de \u00eenc\u0103rcare rapid\u0103: PD (Power Delivery)<\/p>\n","protected":false},"excerpt":{"rendered":"<p>XO NB-Q265B PD este un cablu echipat cu conectori USB-C \u0219i USB-C. Cablul v\u0103 va permite s\u0103 profita\u021bi la maximum de puterea maxim\u0103 cu care dispozitivele compatibile se pot \u00eenc\u0103rca. Culoare: albastru Lungimea cablului: 2 m Mufa: USB &#8211; C tata Putere maxim\u0103 [W]: 60 Standard de \u00eenc\u0103rcare rapid\u0103: PD (Power Delivery)<\/p>\n","protected":false},"featured_media":23864,"comment_status":"open","ping_status":"closed","template":"","meta":[],"product_brand":[],"product_cat":[166,169],"product_tag":[],"class_list":{"0":"post-23862","1":"product","2":"type-product","3":"status-publish","4":"has-post-thumbnail","6":"product_cat-accesorii-gsm","7":"product_cat-diverse","9":"first","10":"instock","11":"sale","12":"shipping-taxable","13":"purchasable","14":"product-type-simple"},"exclude_global_add_ons":[],"addons":[],"_links":{"self":[{"href":"https:\/\/toy-dem.ro\/index.php\/wp-json\/wp\/v2\/product\/23862","targetHints":{"allow":["GET"]}}],"collection":[{"href":"https:\/\/toy-dem.ro\/index.php\/wp-json\/wp\/v2\/product"}],"about":[{"href":"https:\/\/toy-dem.ro\/index.php\/wp-json\/wp\/v2\/types\/product"}],"replies":[{"embeddable":true,"href":"https:\/\/toy-dem.ro\/index.php\/wp-json\/wp\/v2\/comments?post=23862"}],"wp:featuredmedia":[{"embeddable":true,"href":"https:\/\/toy-dem.ro\/index.php\/wp-json\/wp\/v2\/media\/23864"}],"wp:attachment":[{"href":"https:\/\/toy-dem.ro\/index.php\/wp-json\/wp\/v2\/media?parent=23862"}],"wp:term":[{"taxonomy":"product_brand","embeddable":true,"href":"https:\/\/toy-dem.ro\/index.php\/wp-json\/wp\/v2\/product_brand?post=23862"},{"taxonomy":"product_cat","embeddable":true,"href":"https:\/\/toy-dem.ro\/index.php\/wp-json\/wp\/v2\/product_cat?post=23862"},{"taxonomy":"product_tag","embeddable":true,"href":"https:\/\/toy-dem.ro\/index.php\/wp-json\/wp\/v2\/product_tag?post=23862"}],"curies":[{"name":"wp","href":"https:\/\/api.w.org\/{rel}","templated":true}]}}