{"id":23266,"date":"2026-03-25T07:36:53","date_gmt":"2026-03-25T07:36:53","guid":{"rendered":"https:\/\/toy-dem.ro\/?post_type=product&#038;p=23266"},"modified":"2026-03-25T07:36:53","modified_gmt":"2026-03-25T07:36:53","slug":"cafetiera-digitala-heinner-armoure-hcm-d750ssbk","status":"publish","type":"product","link":"https:\/\/toy-dem.ro\/index.php\/produs\/cafetiera-digitala-heinner-armoure-hcm-d750ssbk\/","title":{"rendered":"CAFETIERA DIGITALA HEINNER ARMOURE HCM-D750SSBK"},"content":{"rendered":"<h2>CAFETIERA DIGITALA HEINNER ARMOURE HCM-D750SSBK<\/h2>\n<p>Savureaz\u0103 o cafea delicioas\u0103 \u00een fiecare diminea\u021b\u0103 cu cafetiera digital\u0103 Heinner, un aparat modern cu func\u021bii inteligente, design elegant \u0219i capacitate mare, ideal pentru familii \u0219i iubitorii de cafea. Echipat\u0103 cu afi\u0219aj electronic LCD, vas de inox \u0219i timer programabil, aceast\u0103 cafetier\u0103 \u00ee\u021bi ofer\u0103 control total \u0219i confort maxim.<\/p>\n<h2>Caracteristici principale:<\/h2>\n<ul>\n<li>Control electronic cu afi\u0219aj LCD \u2013 setare rapid\u0103 \u0219i intuitiv\u0103 a func\u021biilor esen\u021biale.<\/li>\n<li>Capacitate rezervor 1.25L \u2013 suficient\u0103 pentru p\u00e2n\u0103 la 10\u201312 ce\u0219ti de cafea, perfect\u0103 pentru \u00eentreaga familie.<\/li>\n<li>Vas de inox \u2013 p\u0103streaz\u0103 gustul cafelei \u0219i men\u021bine temperatura optim\u0103.<\/li>\n<li>Temporizator programabil (timer) \u2013 setezi ora la care vrei s\u0103 fie gata cafeaua, pentru dimine\u021bi f\u0103r\u0103 griji.<\/li>\n<li>Filtru din nailon \u0219i portfiltru deta\u0219abil \u2013 u\u0219or de cur\u0103\u021bat, reutilizabil \u0219i ecologic.<\/li>\n<li>Func\u021bie anti-picurare \u2013 torni cafeaua oric\u00e2nd f\u0103r\u0103 s\u0103 murd\u0103re\u0219ti placa de \u00eenc\u0103lzire sau blatul de buc\u0103t\u0103rie.<\/li>\n<li>Oprire automat\u0103 dup\u0103 40 de minute \u2013 economise\u0219ti energie \u0219i te bucuri de siguran\u021b\u0103 sporit\u0103.<\/li>\n<\/ul>\n<p>Aceast\u0103 cafetier\u0103 Heinner \u00eembin\u0103 perfect estetica modern\u0103 cu func\u021bionalitatea. Este ideal\u0103 pentru cei care \u00ee\u0219i doresc o cafea proasp\u0103t\u0103, preparat\u0103 automat la ora dorit\u0103, \u0219i un aparat u\u0219or de \u00eentre\u021binut, cu func\u021bii inteligente.<\/p>\n<p><img decoding=\"async\" src=\"https:\/\/www.bnb.ro\/images\/admins\/HCM-D750SSBK.jpg\" \/><\/p>\n<div class=\"header-title\">Specificatii<\/div>\n<div class=\"tabel\">\n<div class=\"rand_tabel\">\n<div class=\"coloana colLeft gray\">Putere cafetiera<\/div>\n<div class=\"coloana colRight\">750W<\/div>\n<\/div>\n<div class=\"rand_tabel\">\n<div class=\"coloana colLeft gray\">Tip display<\/div>\n<div class=\"coloana colRight\">LCD<\/div>\n<\/div>\n<div class=\"rand_tabel\">\n<div class=\"coloana colLeft gray\">Material carcasa<\/div>\n<div class=\"coloana colRight\">Inox&amp;Plastic<\/div>\n<\/div>\n<div class=\"rand_tabel\">\n<div class=\"coloana colLeft gray\">Tip cafea<\/div>\n<div class=\"coloana colRight\">Macinata<\/div>\n<\/div>\n<div class=\"rand_tabel\">\n<div class=\"coloana colLeft gray\">Tip control<\/div>\n<div class=\"coloana colRight\">Digital<\/div>\n<\/div>\n<div class=\"rand_tabel\">\n<div class=\"coloana colLeft gray\">Capacitate cafetiera<\/div>\n<div class=\"coloana colRight\">1.25L<\/div>\n<\/div>\n<div class=\"rand_tabel\">\n<div class=\"coloana colLeft gray\">Functii speciale<\/div>\n<div class=\"coloana colRight\">Timer<\/div>\n<\/div>\n<div class=\"rand_tabel\">\n<div class=\"coloana colLeft gray\">Cana<\/div>\n<div class=\"coloana colRight\">Otel inoxidabil<\/div>\n<\/div>\n<\/div>\n","protected":false},"excerpt":{"rendered":"<p>CAFETIERA DIGITALA HEINNER ARMOURE HCM-D750SSBK Savureaz\u0103 o cafea delicioas\u0103 \u00een fiecare diminea\u021b\u0103 cu cafetiera digital\u0103 Heinner, un aparat modern cu func\u021bii inteligente, design elegant \u0219i capacitate mare, ideal pentru familii \u0219i iubitorii de cafea. Echipat\u0103 cu afi\u0219aj electronic LCD, vas de inox \u0219i timer programabil, aceast\u0103 cafetier\u0103 \u00ee\u021bi ofer\u0103 control total \u0219i confort maxim. Caracteristici [&hellip;]<\/p>\n","protected":false},"featured_media":23267,"comment_status":"open","ping_status":"closed","template":"","meta":[],"product_brand":[182],"product_cat":[169,170],"product_tag":[],"class_list":{"0":"post-23266","1":"product","2":"type-product","3":"status-publish","4":"has-post-thumbnail","6":"product_brand-heinner","7":"product_cat-diverse","8":"product_cat-electrocasnice","10":"first","11":"instock","12":"sale","13":"shipping-taxable","14":"purchasable","15":"product-type-simple"},"exclude_global_add_ons":[],"addons":[],"_links":{"self":[{"href":"https:\/\/toy-dem.ro\/index.php\/wp-json\/wp\/v2\/product\/23266","targetHints":{"allow":["GET"]}}],"collection":[{"href":"https:\/\/toy-dem.ro\/index.php\/wp-json\/wp\/v2\/product"}],"about":[{"href":"https:\/\/toy-dem.ro\/index.php\/wp-json\/wp\/v2\/types\/product"}],"replies":[{"embeddable":true,"href":"https:\/\/toy-dem.ro\/index.php\/wp-json\/wp\/v2\/comments?post=23266"}],"wp:featuredmedia":[{"embeddable":true,"href":"https:\/\/toy-dem.ro\/index.php\/wp-json\/wp\/v2\/media\/23267"}],"wp:attachment":[{"href":"https:\/\/toy-dem.ro\/index.php\/wp-json\/wp\/v2\/media?parent=23266"}],"wp:term":[{"taxonomy":"product_brand","embeddable":true,"href":"https:\/\/toy-dem.ro\/index.php\/wp-json\/wp\/v2\/product_brand?post=23266"},{"taxonomy":"product_cat","embeddable":true,"href":"https:\/\/toy-dem.ro\/index.php\/wp-json\/wp\/v2\/product_cat?post=23266"},{"taxonomy":"product_tag","embeddable":true,"href":"https:\/\/toy-dem.ro\/index.php\/wp-json\/wp\/v2\/product_tag?post=23266"}],"curies":[{"name":"wp","href":"https:\/\/api.w.org\/{rel}","templated":true}]}}