{"id":23218,"date":"2026-03-23T12:26:19","date_gmt":"2026-03-23T12:26:19","guid":{"rendered":"https:\/\/toy-dem.ro\/?post_type=product&#038;p=23218"},"modified":"2026-03-23T12:26:19","modified_gmt":"2026-03-23T12:26:19","slug":"breloc-cu-localizator-prin-bluetooth-pentru-chei","status":"publish","type":"product","link":"https:\/\/toy-dem.ro\/index.php\/produs\/breloc-cu-localizator-prin-bluetooth-pentru-chei\/","title":{"rendered":"BRELOC CU LOCALIZATOR PRIN BLUETOOTH PENTRU CHEI"},"content":{"rendered":"<p>XO LP01 v\u0103 va permite s\u0103 localiza\u021bi elemente, cum ar fi cheile. Dispozitivul func\u021bioneaz\u0103 datorit\u0103 unei baterii CR2032 \u00eenlocuibile.<\/p>\n<p>&nbsp;<\/p>\n<p>Caietul de sarcini<br \/>\nCapacitate baterie: 240 mAh<br \/>\nMarca: XO<br \/>\nCuloare: alb<\/p>\n","protected":false},"excerpt":{"rendered":"<p>XO LP01 v\u0103 va permite s\u0103 localiza\u021bi elemente, cum ar fi cheile. Dispozitivul func\u021bioneaz\u0103 datorit\u0103 unei baterii CR2032 \u00eenlocuibile. &nbsp; Caietul de sarcini Capacitate baterie: 240 mAh Marca: XO Culoare: alb<\/p>\n","protected":false},"featured_media":23220,"comment_status":"open","ping_status":"closed","template":"","meta":[],"product_brand":[],"product_cat":[166,169],"product_tag":[],"class_list":{"0":"post-23218","1":"product","2":"type-product","3":"status-publish","4":"has-post-thumbnail","6":"product_cat-accesorii-gsm","7":"product_cat-diverse","9":"first","10":"instock","11":"sale","12":"shipping-taxable","13":"purchasable","14":"product-type-simple"},"exclude_global_add_ons":[],"addons":[],"_links":{"self":[{"href":"https:\/\/toy-dem.ro\/index.php\/wp-json\/wp\/v2\/product\/23218","targetHints":{"allow":["GET"]}}],"collection":[{"href":"https:\/\/toy-dem.ro\/index.php\/wp-json\/wp\/v2\/product"}],"about":[{"href":"https:\/\/toy-dem.ro\/index.php\/wp-json\/wp\/v2\/types\/product"}],"replies":[{"embeddable":true,"href":"https:\/\/toy-dem.ro\/index.php\/wp-json\/wp\/v2\/comments?post=23218"}],"wp:featuredmedia":[{"embeddable":true,"href":"https:\/\/toy-dem.ro\/index.php\/wp-json\/wp\/v2\/media\/23220"}],"wp:attachment":[{"href":"https:\/\/toy-dem.ro\/index.php\/wp-json\/wp\/v2\/media?parent=23218"}],"wp:term":[{"taxonomy":"product_brand","embeddable":true,"href":"https:\/\/toy-dem.ro\/index.php\/wp-json\/wp\/v2\/product_brand?post=23218"},{"taxonomy":"product_cat","embeddable":true,"href":"https:\/\/toy-dem.ro\/index.php\/wp-json\/wp\/v2\/product_cat?post=23218"},{"taxonomy":"product_tag","embeddable":true,"href":"https:\/\/toy-dem.ro\/index.php\/wp-json\/wp\/v2\/product_tag?post=23218"}],"curies":[{"name":"wp","href":"https:\/\/api.w.org\/{rel}","templated":true}]}}