{"id":23021,"date":"2026-03-20T08:21:40","date_gmt":"2026-03-20T08:21:40","guid":{"rendered":"https:\/\/toy-dem.ro\/?post_type=product&#038;p=23021"},"modified":"2026-03-20T12:05:10","modified_gmt":"2026-03-20T12:05:10","slug":"boxa-bluetooth-5w-cu-rgb-si-fm-negru","status":"publish","type":"product","link":"https:\/\/toy-dem.ro\/index.php\/produs\/boxa-bluetooth-5w-cu-rgb-si-fm-negru\/","title":{"rendered":"BOXA BLUETOOTH 5W CU RGB SI FM &#8211; NEGRU"},"content":{"rendered":"<p>Boxa Bluetooth Setty GB-700, pe l\u00e2ng\u0103 conexiunea Bluetooth, accept\u0103 redarea de pe carduri micro SD \u0219i stick-uri USB \u0219i are un radio \u00eencorporat.<br \/>\nBoxa poate func\u021biona continuu p\u00e2n\u0103 la 3 ore.<br \/>\nDesignul s\u0103u compact \u0219i iluminarea RGB v\u0103 permit s\u0103 aduce\u021bi o atmosfer\u0103 de petrecere \u0219i muzica preferat\u0103 oriunde a\u021bi merge.<\/p>\n","protected":false},"excerpt":{"rendered":"<p>Boxa Bluetooth Setty GB-700, pe l\u00e2ng\u0103 conexiunea Bluetooth, accept\u0103 redarea de pe carduri micro SD \u0219i stick-uri USB \u0219i are un radio \u00eencorporat. Boxa poate func\u021biona continuu p\u00e2n\u0103 la 3 ore. Designul s\u0103u compact \u0219i iluminarea RGB v\u0103 permit s\u0103 aduce\u021bi o atmosfer\u0103 de petrecere \u0219i muzica preferat\u0103 oriunde a\u021bi merge.<\/p>\n","protected":false},"featured_media":23023,"comment_status":"open","ping_status":"closed","template":"","meta":[],"product_brand":[],"product_cat":[166,176,169],"product_tag":[],"class_list":{"0":"post-23021","1":"product","2":"type-product","3":"status-publish","4":"has-post-thumbnail","6":"product_cat-accesorii-gsm","7":"product_cat-audio","8":"product_cat-diverse","9":"product_shipping_class-sameday","11":"first","12":"instock","13":"sale","14":"shipping-taxable","15":"purchasable","16":"product-type-simple"},"exclude_global_add_ons":[],"addons":[],"_links":{"self":[{"href":"https:\/\/toy-dem.ro\/index.php\/wp-json\/wp\/v2\/product\/23021","targetHints":{"allow":["GET"]}}],"collection":[{"href":"https:\/\/toy-dem.ro\/index.php\/wp-json\/wp\/v2\/product"}],"about":[{"href":"https:\/\/toy-dem.ro\/index.php\/wp-json\/wp\/v2\/types\/product"}],"replies":[{"embeddable":true,"href":"https:\/\/toy-dem.ro\/index.php\/wp-json\/wp\/v2\/comments?post=23021"}],"wp:featuredmedia":[{"embeddable":true,"href":"https:\/\/toy-dem.ro\/index.php\/wp-json\/wp\/v2\/media\/23023"}],"wp:attachment":[{"href":"https:\/\/toy-dem.ro\/index.php\/wp-json\/wp\/v2\/media?parent=23021"}],"wp:term":[{"taxonomy":"product_brand","embeddable":true,"href":"https:\/\/toy-dem.ro\/index.php\/wp-json\/wp\/v2\/product_brand?post=23021"},{"taxonomy":"product_cat","embeddable":true,"href":"https:\/\/toy-dem.ro\/index.php\/wp-json\/wp\/v2\/product_cat?post=23021"},{"taxonomy":"product_tag","embeddable":true,"href":"https:\/\/toy-dem.ro\/index.php\/wp-json\/wp\/v2\/product_tag?post=23021"}],"curies":[{"name":"wp","href":"https:\/\/api.w.org\/{rel}","templated":true}]}}