{"id":23001,"date":"2026-03-20T07:47:03","date_gmt":"2026-03-20T07:47:03","guid":{"rendered":"https:\/\/toy-dem.ro\/?post_type=product&#038;p=23001"},"modified":"2026-03-20T12:05:10","modified_gmt":"2026-03-20T12:05:10","slug":"camera-supraveghere-falsa-dummy-led-dk-10","status":"publish","type":"product","link":"https:\/\/toy-dem.ro\/index.php\/produs\/camera-supraveghere-falsa-dummy-led-dk-10\/","title":{"rendered":"CAMERA SUPRAVEGHERE FALSA DUMMY LED DK-10"},"content":{"rendered":"<p>Lumin\u0103 de avertizare<br \/>\nTimp de lucru: p\u00e2n\u0103 la 30 de zile<br \/>\nAlimentare: 2 baterii AA<br \/>\nDimensiuni: 145 x 135 x 245 mm<br \/>\nGreutate: 291 g<\/p>\n","protected":false},"excerpt":{"rendered":"<p>Lumin\u0103 de avertizare Timp de lucru: p\u00e2n\u0103 la 30 de zile Alimentare: 2 baterii AA Dimensiuni: 145 x 135 x 245 mm Greutate: 291 g<\/p>\n","protected":false},"featured_media":23005,"comment_status":"open","ping_status":"closed","template":"","meta":[],"product_brand":[178],"product_cat":[169,175],"product_tag":[],"class_list":{"0":"post-23001","1":"product","2":"type-product","3":"status-publish","4":"has-post-thumbnail","6":"product_brand-cabletech","7":"product_cat-diverse","8":"product_cat-supraveghere-video","9":"product_shipping_class-sameday","11":"first","12":"instock","13":"sale","14":"shipping-taxable","15":"purchasable","16":"product-type-simple"},"exclude_global_add_ons":[],"addons":[],"_links":{"self":[{"href":"https:\/\/toy-dem.ro\/index.php\/wp-json\/wp\/v2\/product\/23001","targetHints":{"allow":["GET"]}}],"collection":[{"href":"https:\/\/toy-dem.ro\/index.php\/wp-json\/wp\/v2\/product"}],"about":[{"href":"https:\/\/toy-dem.ro\/index.php\/wp-json\/wp\/v2\/types\/product"}],"replies":[{"embeddable":true,"href":"https:\/\/toy-dem.ro\/index.php\/wp-json\/wp\/v2\/comments?post=23001"}],"wp:featuredmedia":[{"embeddable":true,"href":"https:\/\/toy-dem.ro\/index.php\/wp-json\/wp\/v2\/media\/23005"}],"wp:attachment":[{"href":"https:\/\/toy-dem.ro\/index.php\/wp-json\/wp\/v2\/media?parent=23001"}],"wp:term":[{"taxonomy":"product_brand","embeddable":true,"href":"https:\/\/toy-dem.ro\/index.php\/wp-json\/wp\/v2\/product_brand?post=23001"},{"taxonomy":"product_cat","embeddable":true,"href":"https:\/\/toy-dem.ro\/index.php\/wp-json\/wp\/v2\/product_cat?post=23001"},{"taxonomy":"product_tag","embeddable":true,"href":"https:\/\/toy-dem.ro\/index.php\/wp-json\/wp\/v2\/product_tag?post=23001"}],"curies":[{"name":"wp","href":"https:\/\/api.w.org\/{rel}","templated":true}]}}